{"id":6,"date":"2024-03-01T14:26:42","date_gmt":"2024-03-01T13:26:42","guid":{"rendered":"https:\/\/www.feliciaflodin.se\/?page_id=6"},"modified":"2024-03-01T14:26:42","modified_gmt":"2024-03-01T13:26:42","slug":"kontakt","status":"publish","type":"page","link":"https:\/\/www.feliciaflodin.se\/index.php\/kontakt\/","title":{"rendered":"Kontakt"},"content":{"rendered":"\n<p>Kontakta oss h\u00e4r p\u00e5 en hittep\u00e5adress. blabl@kdhjkh.com<\/p>\n","protected":false},"excerpt":{"rendered":"<p>Kontakta oss h\u00e4r p\u00e5 en hittep\u00e5adress. blabl@kdhjkh.com<\/p>\n","protected":false},"author":1,"featured_media":0,"parent":0,"menu_order":0,"comment_status":"closed","ping_status":"closed","template":"","meta":{"neve_meta_sidebar":"","neve_meta_container":"","neve_meta_enable_content_width":"","neve_meta_content_width":0,"neve_meta_title_alignment":"","neve_meta_author_avatar":"","neve_post_elements_order":"","neve_meta_disable_header":"","neve_meta_disable_footer":"","neve_meta_disable_title":"","footnotes":""},"class_list":["post-6","page","type-page","status-publish","hentry"],"_links":{"self":[{"href":"https:\/\/www.feliciaflodin.se\/index.php\/wp-json\/wp\/v2\/pages\/6","targetHints":{"allow":["GET"]}}],"collection":[{"href":"https:\/\/www.feliciaflodin.se\/index.php\/wp-json\/wp\/v2\/pages"}],"about":[{"href":"https:\/\/www.feliciaflodin.se\/index.php\/wp-json\/wp\/v2\/types\/page"}],"author":[{"embeddable":true,"href":"https:\/\/www.feliciaflodin.se\/index.php\/wp-json\/wp\/v2\/users\/1"}],"replies":[{"embeddable":true,"href":"https:\/\/www.feliciaflodin.se\/index.php\/wp-json\/wp\/v2\/comments?post=6"}],"version-history":[{"count":1,"href":"https:\/\/www.feliciaflodin.se\/index.php\/wp-json\/wp\/v2\/pages\/6\/revisions"}],"predecessor-version":[{"id":8,"href":"https:\/\/www.feliciaflodin.se\/index.php\/wp-json\/wp\/v2\/pages\/6\/revisions\/8"}],"wp:attachment":[{"href":"https:\/\/www.feliciaflodin.se\/index.php\/wp-json\/wp\/v2\/media?parent=6"}],"curies":[{"name":"wp","href":"https:\/\/api.w.org\/{rel}","templated":true}]}}